{"id":2696,"date":"2024-05-30T13:03:51","date_gmt":"2024-05-30T11:03:51","guid":{"rendered":"https:\/\/motesasl.com\/?post_type=product&#038;p=2696"},"modified":"2024-08-06T15:00:35","modified_gmt":"2024-08-06T13:00:35","slug":"68-507-blanco-35-41","status":"publish","type":"product","link":"https:\/\/motesasl.com\/en\/product\/68-507-blanco-35-41\/","title":{"rendered":"68-507 BLANCO 35-41"},"content":{"rendered":"","protected":false},"excerpt":{"rendered":"<p>Lorem ipsum dolor sit amet, consectetur adipiscing elit. Nulla hendrerit augue accumsan, semper nulla quis, vehicula quam. Pellentesque tincidunt, lacus vitae malesuada maximus, mauris diam tristique urna, vitae condimentum eros massa at nunc.<\/p>","protected":false},"featured_media":2697,"template":"","meta":[],"product_brand":[],"product_cat":[117],"product_tag":[],"class_list":{"0":"post-2696","1":"product","2":"type-product","3":"status-publish","4":"has-post-thumbnail","6":"product_cat-calzado-profesional","8":"first","9":"instock","10":"shipping-taxable","11":"product-type-simple"},"yoast_head":"<!-- This site is optimized with the Yoast SEO plugin v27.2 - https:\/\/yoast.com\/product\/yoast-seo-wordpress\/ -->\n<title>68-507 BLANCO 35-41 - Motesa<\/title>\n<meta name=\"robots\" content=\"index, follow, max-snippet:-1, max-image-preview:large, max-video-preview:-1\" \/>\n<link rel=\"canonical\" href=\"http:\/\/motesasl.com\/en\/producto\/68-507-blanco-35-41\/\" \/>\n<meta property=\"og:locale\" content=\"en_GB\" \/>\n<meta property=\"og:type\" content=\"article\" \/>\n<meta property=\"og:title\" content=\"68-507 BLANCO 35-41 - Motesa\" \/>\n<meta property=\"og:description\" content=\"Lorem ipsum dolor sit amet, consectetur adipiscing elit. Nulla hendrerit augue accumsan, semper nulla quis, vehicula quam. Pellentesque tincidunt, lacus vitae malesuada maximus, mauris diam tristique urna, vitae condimentum eros massa at nunc.\" \/>\n<meta property=\"og:url\" content=\"http:\/\/motesasl.com\/en\/producto\/68-507-blanco-35-41\/\" \/>\n<meta property=\"og:site_name\" content=\"Motesa\" \/>\n<meta property=\"article:modified_time\" content=\"2024-08-06T13:00:35+00:00\" \/>\n<meta property=\"og:image\" content=\"https:\/\/motesasl.com\/wp-content\/uploads\/2024\/05\/68-507-BLANCO-35-41.jpg\" \/>\n\t<meta property=\"og:image:width\" content=\"400\" \/>\n\t<meta property=\"og:image:height\" content=\"400\" \/>\n\t<meta property=\"og:image:type\" content=\"image\/jpeg\" \/>\n<meta name=\"twitter:card\" content=\"summary_large_image\" \/>\n<script type=\"application\/ld+json\" class=\"yoast-schema-graph\">{\"@context\":\"https:\/\/schema.org\",\"@graph\":[{\"@type\":\"WebPage\",\"@id\":\"http:\/\/motesasl.com\/en\/producto\/68-507-blanco-35-41\/\",\"url\":\"http:\/\/motesasl.com\/en\/producto\/68-507-blanco-35-41\/\",\"name\":\"68-507 BLANCO 35-41 - Motesa\",\"isPartOf\":{\"@id\":\"https:\/\/motesasl.com\/#website\"},\"primaryImageOfPage\":{\"@id\":\"http:\/\/motesasl.com\/en\/producto\/68-507-blanco-35-41\/#primaryimage\"},\"image\":{\"@id\":\"http:\/\/motesasl.com\/en\/producto\/68-507-blanco-35-41\/#primaryimage\"},\"thumbnailUrl\":\"https:\/\/motesasl.com\/wp-content\/uploads\/2024\/05\/68-507-BLANCO-35-41.jpg\",\"datePublished\":\"2024-05-30T11:03:51+00:00\",\"dateModified\":\"2024-08-06T13:00:35+00:00\",\"breadcrumb\":{\"@id\":\"http:\/\/motesasl.com\/en\/producto\/68-507-blanco-35-41\/#breadcrumb\"},\"inLanguage\":\"en-GB\",\"potentialAction\":[{\"@type\":\"ReadAction\",\"target\":[\"http:\/\/motesasl.com\/en\/producto\/68-507-blanco-35-41\/\"]}]},{\"@type\":\"ImageObject\",\"inLanguage\":\"en-GB\",\"@id\":\"http:\/\/motesasl.com\/en\/producto\/68-507-blanco-35-41\/#primaryimage\",\"url\":\"https:\/\/motesasl.com\/wp-content\/uploads\/2024\/05\/68-507-BLANCO-35-41.jpg\",\"contentUrl\":\"https:\/\/motesasl.com\/wp-content\/uploads\/2024\/05\/68-507-BLANCO-35-41.jpg\",\"width\":400,\"height\":400,\"caption\":\"SONY DSC\"},{\"@type\":\"BreadcrumbList\",\"@id\":\"http:\/\/motesasl.com\/en\/producto\/68-507-blanco-35-41\/#breadcrumb\",\"itemListElement\":[{\"@type\":\"ListItem\",\"position\":1,\"name\":\"Portada\",\"item\":\"https:\/\/motesasl.com\/\"},{\"@type\":\"ListItem\",\"position\":2,\"name\":\"Cat\u00e1logo\",\"item\":\"https:\/\/motesasl.com\/catalogo\/\"},{\"@type\":\"ListItem\",\"position\":3,\"name\":\"68-507 BLANCO 35-41\"}]},{\"@type\":\"WebSite\",\"@id\":\"https:\/\/motesasl.com\/#website\",\"url\":\"https:\/\/motesasl.com\/\",\"name\":\"Motesa\",\"description\":\"Empresa espa\u00f1ola con m\u00e1s de 30 a\u00f1os de experiencia dedicada a la comercializaci\u00f3n de calzado a nivel nacional.\",\"publisher\":{\"@id\":\"https:\/\/motesasl.com\/#organization\"},\"potentialAction\":[{\"@type\":\"SearchAction\",\"target\":{\"@type\":\"EntryPoint\",\"urlTemplate\":\"https:\/\/motesasl.com\/?s={search_term_string}\"},\"query-input\":{\"@type\":\"PropertyValueSpecification\",\"valueRequired\":true,\"valueName\":\"search_term_string\"}}],\"inLanguage\":\"en-GB\"},{\"@type\":\"Organization\",\"@id\":\"https:\/\/motesasl.com\/#organization\",\"name\":\"Motesa SL\",\"url\":\"https:\/\/motesasl.com\/\",\"logo\":{\"@type\":\"ImageObject\",\"inLanguage\":\"en-GB\",\"@id\":\"https:\/\/motesasl.com\/#\/schema\/logo\/image\/\",\"url\":\"https:\/\/motesasl.com\/wp-content\/uploads\/2024\/05\/MotesaBrandFavicon.png\",\"contentUrl\":\"https:\/\/motesasl.com\/wp-content\/uploads\/2024\/05\/MotesaBrandFavicon.png\",\"width\":512,\"height\":512,\"caption\":\"Motesa SL\"},\"image\":{\"@id\":\"https:\/\/motesasl.com\/#\/schema\/logo\/image\/\"}}]}<\/script>\n<!-- \/ Yoast SEO plugin. -->","yoast_head_json":{"title":"68-507 BLANCO 35-41 - Motesa","robots":{"index":"index","follow":"follow","max-snippet":"max-snippet:-1","max-image-preview":"max-image-preview:large","max-video-preview":"max-video-preview:-1"},"canonical":"http:\/\/motesasl.com\/en\/producto\/68-507-blanco-35-41\/","og_locale":"en_GB","og_type":"article","og_title":"68-507 BLANCO 35-41 - Motesa","og_description":"Lorem ipsum dolor sit amet, consectetur adipiscing elit. Nulla hendrerit augue accumsan, semper nulla quis, vehicula quam. Pellentesque tincidunt, lacus vitae malesuada maximus, mauris diam tristique urna, vitae condimentum eros massa at nunc.","og_url":"http:\/\/motesasl.com\/en\/producto\/68-507-blanco-35-41\/","og_site_name":"Motesa","article_modified_time":"2024-08-06T13:00:35+00:00","og_image":[{"width":400,"height":400,"url":"https:\/\/motesasl.com\/wp-content\/uploads\/2024\/05\/68-507-BLANCO-35-41.jpg","type":"image\/jpeg"}],"twitter_card":"summary_large_image","schema":{"@context":"https:\/\/schema.org","@graph":[{"@type":"WebPage","@id":"http:\/\/motesasl.com\/en\/producto\/68-507-blanco-35-41\/","url":"http:\/\/motesasl.com\/en\/producto\/68-507-blanco-35-41\/","name":"68-507 BLANCO 35-41 - Motesa","isPartOf":{"@id":"https:\/\/motesasl.com\/#website"},"primaryImageOfPage":{"@id":"http:\/\/motesasl.com\/en\/producto\/68-507-blanco-35-41\/#primaryimage"},"image":{"@id":"http:\/\/motesasl.com\/en\/producto\/68-507-blanco-35-41\/#primaryimage"},"thumbnailUrl":"https:\/\/motesasl.com\/wp-content\/uploads\/2024\/05\/68-507-BLANCO-35-41.jpg","datePublished":"2024-05-30T11:03:51+00:00","dateModified":"2024-08-06T13:00:35+00:00","breadcrumb":{"@id":"http:\/\/motesasl.com\/en\/producto\/68-507-blanco-35-41\/#breadcrumb"},"inLanguage":"en-GB","potentialAction":[{"@type":"ReadAction","target":["http:\/\/motesasl.com\/en\/producto\/68-507-blanco-35-41\/"]}]},{"@type":"ImageObject","inLanguage":"en-GB","@id":"http:\/\/motesasl.com\/en\/producto\/68-507-blanco-35-41\/#primaryimage","url":"https:\/\/motesasl.com\/wp-content\/uploads\/2024\/05\/68-507-BLANCO-35-41.jpg","contentUrl":"https:\/\/motesasl.com\/wp-content\/uploads\/2024\/05\/68-507-BLANCO-35-41.jpg","width":400,"height":400,"caption":"SONY DSC"},{"@type":"BreadcrumbList","@id":"http:\/\/motesasl.com\/en\/producto\/68-507-blanco-35-41\/#breadcrumb","itemListElement":[{"@type":"ListItem","position":1,"name":"Portada","item":"https:\/\/motesasl.com\/"},{"@type":"ListItem","position":2,"name":"Cat\u00e1logo","item":"https:\/\/motesasl.com\/catalogo\/"},{"@type":"ListItem","position":3,"name":"68-507 BLANCO 35-41"}]},{"@type":"WebSite","@id":"https:\/\/motesasl.com\/#website","url":"https:\/\/motesasl.com\/","name":"Motesa","description":"Empresa espa\u00f1ola con m\u00e1s de 30 a\u00f1os de experiencia dedicada a la comercializaci\u00f3n de calzado a nivel nacional.","publisher":{"@id":"https:\/\/motesasl.com\/#organization"},"potentialAction":[{"@type":"SearchAction","target":{"@type":"EntryPoint","urlTemplate":"https:\/\/motesasl.com\/?s={search_term_string}"},"query-input":{"@type":"PropertyValueSpecification","valueRequired":true,"valueName":"search_term_string"}}],"inLanguage":"en-GB"},{"@type":"Organization","@id":"https:\/\/motesasl.com\/#organization","name":"Motesa SL","url":"https:\/\/motesasl.com\/","logo":{"@type":"ImageObject","inLanguage":"en-GB","@id":"https:\/\/motesasl.com\/#\/schema\/logo\/image\/","url":"https:\/\/motesasl.com\/wp-content\/uploads\/2024\/05\/MotesaBrandFavicon.png","contentUrl":"https:\/\/motesasl.com\/wp-content\/uploads\/2024\/05\/MotesaBrandFavicon.png","width":512,"height":512,"caption":"Motesa SL"},"image":{"@id":"https:\/\/motesasl.com\/#\/schema\/logo\/image\/"}}]}},"_links":{"self":[{"href":"https:\/\/motesasl.com\/en\/wp-json\/wp\/v2\/product\/2696","targetHints":{"allow":["GET"]}}],"collection":[{"href":"https:\/\/motesasl.com\/en\/wp-json\/wp\/v2\/product"}],"about":[{"href":"https:\/\/motesasl.com\/en\/wp-json\/wp\/v2\/types\/product"}],"wp:featuredmedia":[{"embeddable":true,"href":"https:\/\/motesasl.com\/en\/wp-json\/wp\/v2\/media\/2697"}],"wp:attachment":[{"href":"https:\/\/motesasl.com\/en\/wp-json\/wp\/v2\/media?parent=2696"}],"wp:term":[{"taxonomy":"product_brand","embeddable":true,"href":"https:\/\/motesasl.com\/en\/wp-json\/wp\/v2\/product_brand?post=2696"},{"taxonomy":"product_cat","embeddable":true,"href":"https:\/\/motesasl.com\/en\/wp-json\/wp\/v2\/product_cat?post=2696"},{"taxonomy":"product_tag","embeddable":true,"href":"https:\/\/motesasl.com\/en\/wp-json\/wp\/v2\/product_tag?post=2696"}],"curies":[{"name":"wp","href":"https:\/\/api.w.org\/{rel}","templated":true}]}}