{"id":2686,"date":"2024-05-30T12:55:01","date_gmt":"2024-05-30T10:55:01","guid":{"rendered":"https:\/\/motesasl.com\/?post_type=product&#038;p=2686"},"modified":"2024-08-06T15:01:18","modified_gmt":"2024-08-06T13:01:18","slug":"78-058-marron-36-46-copia","status":"publish","type":"product","link":"https:\/\/motesasl.com\/en\/product\/78-058-marron-36-46-copia\/","title":{"rendered":"78-058 MARR\u00d3N 36-46"},"content":{"rendered":"","protected":false},"excerpt":{"rendered":"<p>Lorem ipsum dolor sit amet, consectetur adipiscing elit. Nulla hendrerit augue accumsan, semper nulla quis, vehicula quam. Pellentesque tincidunt, lacus vitae malesuada maximus, mauris diam tristique urna, vitae condimentum eros massa at nunc.<\/p>","protected":false},"featured_media":2687,"template":"","meta":[],"product_brand":[],"product_cat":[117],"product_tag":[],"class_list":{"0":"post-2686","1":"product","2":"type-product","3":"status-publish","4":"has-post-thumbnail","6":"product_cat-calzado-profesional","8":"first","9":"instock","10":"shipping-taxable","11":"product-type-simple"},"yoast_head":"<!-- This site is optimized with the Yoast SEO plugin v27.2 - https:\/\/yoast.com\/product\/yoast-seo-wordpress\/ -->\n<title>78-058 MARR\u00d3N 36-46 - Motesa<\/title>\n<meta name=\"robots\" content=\"index, follow, max-snippet:-1, max-image-preview:large, max-video-preview:-1\" \/>\n<link rel=\"canonical\" href=\"https:\/\/motesasl.com\/en\/producto\/78-058-marron-36-46-copia\/\" \/>\n<meta property=\"og:locale\" content=\"en_GB\" \/>\n<meta property=\"og:type\" content=\"article\" \/>\n<meta property=\"og:title\" content=\"78-058 MARR\u00d3N 36-46 - Motesa\" \/>\n<meta property=\"og:description\" content=\"Lorem ipsum dolor sit amet, consectetur adipiscing elit. Nulla hendrerit augue accumsan, semper nulla quis, vehicula quam. Pellentesque tincidunt, lacus vitae malesuada maximus, mauris diam tristique urna, vitae condimentum eros massa at nunc.\" \/>\n<meta property=\"og:url\" content=\"https:\/\/motesasl.com\/en\/producto\/78-058-marron-36-46-copia\/\" \/>\n<meta property=\"og:site_name\" content=\"Motesa\" \/>\n<meta property=\"article:modified_time\" content=\"2024-08-06T13:01:18+00:00\" \/>\n<meta property=\"og:image\" content=\"https:\/\/motesasl.com\/wp-content\/uploads\/2024\/05\/78-058-MARRON-36-46.jpg\" \/>\n\t<meta property=\"og:image:width\" content=\"400\" \/>\n\t<meta property=\"og:image:height\" content=\"400\" \/>\n\t<meta property=\"og:image:type\" content=\"image\/jpeg\" \/>\n<meta name=\"twitter:card\" content=\"summary_large_image\" \/>\n<script type=\"application\/ld+json\" class=\"yoast-schema-graph\">{\"@context\":\"https:\/\/schema.org\",\"@graph\":[{\"@type\":\"WebPage\",\"@id\":\"https:\/\/motesasl.com\/en\/producto\/78-058-marron-36-46-copia\/\",\"url\":\"https:\/\/motesasl.com\/en\/producto\/78-058-marron-36-46-copia\/\",\"name\":\"78-058 MARR\u00d3N 36-46 - Motesa\",\"isPartOf\":{\"@id\":\"https:\/\/motesasl.com\/#website\"},\"primaryImageOfPage\":{\"@id\":\"https:\/\/motesasl.com\/en\/producto\/78-058-marron-36-46-copia\/#primaryimage\"},\"image\":{\"@id\":\"https:\/\/motesasl.com\/en\/producto\/78-058-marron-36-46-copia\/#primaryimage\"},\"thumbnailUrl\":\"https:\/\/motesasl.com\/wp-content\/uploads\/2024\/05\/78-058-MARRON-36-46.jpg\",\"datePublished\":\"2024-05-30T10:55:01+00:00\",\"dateModified\":\"2024-08-06T13:01:18+00:00\",\"breadcrumb\":{\"@id\":\"https:\/\/motesasl.com\/en\/producto\/78-058-marron-36-46-copia\/#breadcrumb\"},\"inLanguage\":\"en-GB\",\"potentialAction\":[{\"@type\":\"ReadAction\",\"target\":[\"https:\/\/motesasl.com\/en\/producto\/78-058-marron-36-46-copia\/\"]}]},{\"@type\":\"ImageObject\",\"inLanguage\":\"en-GB\",\"@id\":\"https:\/\/motesasl.com\/en\/producto\/78-058-marron-36-46-copia\/#primaryimage\",\"url\":\"https:\/\/motesasl.com\/wp-content\/uploads\/2024\/05\/78-058-MARRON-36-46.jpg\",\"contentUrl\":\"https:\/\/motesasl.com\/wp-content\/uploads\/2024\/05\/78-058-MARRON-36-46.jpg\",\"width\":400,\"height\":400,\"caption\":\"SONY DSC\"},{\"@type\":\"BreadcrumbList\",\"@id\":\"https:\/\/motesasl.com\/en\/producto\/78-058-marron-36-46-copia\/#breadcrumb\",\"itemListElement\":[{\"@type\":\"ListItem\",\"position\":1,\"name\":\"Portada\",\"item\":\"https:\/\/motesasl.com\/\"},{\"@type\":\"ListItem\",\"position\":2,\"name\":\"Cat\u00e1logo\",\"item\":\"https:\/\/motesasl.com\/catalogo\/\"},{\"@type\":\"ListItem\",\"position\":3,\"name\":\"78-058 MARR\u00d3N 36-46\"}]},{\"@type\":\"WebSite\",\"@id\":\"https:\/\/motesasl.com\/#website\",\"url\":\"https:\/\/motesasl.com\/\",\"name\":\"Motesa\",\"description\":\"Empresa espa\u00f1ola con m\u00e1s de 30 a\u00f1os de experiencia dedicada a la comercializaci\u00f3n de calzado a nivel nacional.\",\"publisher\":{\"@id\":\"https:\/\/motesasl.com\/#organization\"},\"potentialAction\":[{\"@type\":\"SearchAction\",\"target\":{\"@type\":\"EntryPoint\",\"urlTemplate\":\"https:\/\/motesasl.com\/?s={search_term_string}\"},\"query-input\":{\"@type\":\"PropertyValueSpecification\",\"valueRequired\":true,\"valueName\":\"search_term_string\"}}],\"inLanguage\":\"en-GB\"},{\"@type\":\"Organization\",\"@id\":\"https:\/\/motesasl.com\/#organization\",\"name\":\"Motesa SL\",\"url\":\"https:\/\/motesasl.com\/\",\"logo\":{\"@type\":\"ImageObject\",\"inLanguage\":\"en-GB\",\"@id\":\"https:\/\/motesasl.com\/#\/schema\/logo\/image\/\",\"url\":\"https:\/\/motesasl.com\/wp-content\/uploads\/2024\/05\/MotesaBrandFavicon.png\",\"contentUrl\":\"https:\/\/motesasl.com\/wp-content\/uploads\/2024\/05\/MotesaBrandFavicon.png\",\"width\":512,\"height\":512,\"caption\":\"Motesa SL\"},\"image\":{\"@id\":\"https:\/\/motesasl.com\/#\/schema\/logo\/image\/\"}}]}<\/script>\n<!-- \/ Yoast SEO plugin. -->","yoast_head_json":{"title":"78-058 MARR\u00d3N 36-46 - Motesa","robots":{"index":"index","follow":"follow","max-snippet":"max-snippet:-1","max-image-preview":"max-image-preview:large","max-video-preview":"max-video-preview:-1"},"canonical":"https:\/\/motesasl.com\/en\/producto\/78-058-marron-36-46-copia\/","og_locale":"en_GB","og_type":"article","og_title":"78-058 MARR\u00d3N 36-46 - Motesa","og_description":"Lorem ipsum dolor sit amet, consectetur adipiscing elit. Nulla hendrerit augue accumsan, semper nulla quis, vehicula quam. Pellentesque tincidunt, lacus vitae malesuada maximus, mauris diam tristique urna, vitae condimentum eros massa at nunc.","og_url":"https:\/\/motesasl.com\/en\/producto\/78-058-marron-36-46-copia\/","og_site_name":"Motesa","article_modified_time":"2024-08-06T13:01:18+00:00","og_image":[{"width":400,"height":400,"url":"https:\/\/motesasl.com\/wp-content\/uploads\/2024\/05\/78-058-MARRON-36-46.jpg","type":"image\/jpeg"}],"twitter_card":"summary_large_image","schema":{"@context":"https:\/\/schema.org","@graph":[{"@type":"WebPage","@id":"https:\/\/motesasl.com\/en\/producto\/78-058-marron-36-46-copia\/","url":"https:\/\/motesasl.com\/en\/producto\/78-058-marron-36-46-copia\/","name":"78-058 MARR\u00d3N 36-46 - Motesa","isPartOf":{"@id":"https:\/\/motesasl.com\/#website"},"primaryImageOfPage":{"@id":"https:\/\/motesasl.com\/en\/producto\/78-058-marron-36-46-copia\/#primaryimage"},"image":{"@id":"https:\/\/motesasl.com\/en\/producto\/78-058-marron-36-46-copia\/#primaryimage"},"thumbnailUrl":"https:\/\/motesasl.com\/wp-content\/uploads\/2024\/05\/78-058-MARRON-36-46.jpg","datePublished":"2024-05-30T10:55:01+00:00","dateModified":"2024-08-06T13:01:18+00:00","breadcrumb":{"@id":"https:\/\/motesasl.com\/en\/producto\/78-058-marron-36-46-copia\/#breadcrumb"},"inLanguage":"en-GB","potentialAction":[{"@type":"ReadAction","target":["https:\/\/motesasl.com\/en\/producto\/78-058-marron-36-46-copia\/"]}]},{"@type":"ImageObject","inLanguage":"en-GB","@id":"https:\/\/motesasl.com\/en\/producto\/78-058-marron-36-46-copia\/#primaryimage","url":"https:\/\/motesasl.com\/wp-content\/uploads\/2024\/05\/78-058-MARRON-36-46.jpg","contentUrl":"https:\/\/motesasl.com\/wp-content\/uploads\/2024\/05\/78-058-MARRON-36-46.jpg","width":400,"height":400,"caption":"SONY DSC"},{"@type":"BreadcrumbList","@id":"https:\/\/motesasl.com\/en\/producto\/78-058-marron-36-46-copia\/#breadcrumb","itemListElement":[{"@type":"ListItem","position":1,"name":"Portada","item":"https:\/\/motesasl.com\/"},{"@type":"ListItem","position":2,"name":"Cat\u00e1logo","item":"https:\/\/motesasl.com\/catalogo\/"},{"@type":"ListItem","position":3,"name":"78-058 MARR\u00d3N 36-46"}]},{"@type":"WebSite","@id":"https:\/\/motesasl.com\/#website","url":"https:\/\/motesasl.com\/","name":"Motesa","description":"Empresa espa\u00f1ola con m\u00e1s de 30 a\u00f1os de experiencia dedicada a la comercializaci\u00f3n de calzado a nivel nacional.","publisher":{"@id":"https:\/\/motesasl.com\/#organization"},"potentialAction":[{"@type":"SearchAction","target":{"@type":"EntryPoint","urlTemplate":"https:\/\/motesasl.com\/?s={search_term_string}"},"query-input":{"@type":"PropertyValueSpecification","valueRequired":true,"valueName":"search_term_string"}}],"inLanguage":"en-GB"},{"@type":"Organization","@id":"https:\/\/motesasl.com\/#organization","name":"Motesa SL","url":"https:\/\/motesasl.com\/","logo":{"@type":"ImageObject","inLanguage":"en-GB","@id":"https:\/\/motesasl.com\/#\/schema\/logo\/image\/","url":"https:\/\/motesasl.com\/wp-content\/uploads\/2024\/05\/MotesaBrandFavicon.png","contentUrl":"https:\/\/motesasl.com\/wp-content\/uploads\/2024\/05\/MotesaBrandFavicon.png","width":512,"height":512,"caption":"Motesa SL"},"image":{"@id":"https:\/\/motesasl.com\/#\/schema\/logo\/image\/"}}]}},"_links":{"self":[{"href":"https:\/\/motesasl.com\/en\/wp-json\/wp\/v2\/product\/2686","targetHints":{"allow":["GET"]}}],"collection":[{"href":"https:\/\/motesasl.com\/en\/wp-json\/wp\/v2\/product"}],"about":[{"href":"https:\/\/motesasl.com\/en\/wp-json\/wp\/v2\/types\/product"}],"wp:featuredmedia":[{"embeddable":true,"href":"https:\/\/motesasl.com\/en\/wp-json\/wp\/v2\/media\/2687"}],"wp:attachment":[{"href":"https:\/\/motesasl.com\/en\/wp-json\/wp\/v2\/media?parent=2686"}],"wp:term":[{"taxonomy":"product_brand","embeddable":true,"href":"https:\/\/motesasl.com\/en\/wp-json\/wp\/v2\/product_brand?post=2686"},{"taxonomy":"product_cat","embeddable":true,"href":"https:\/\/motesasl.com\/en\/wp-json\/wp\/v2\/product_cat?post=2686"},{"taxonomy":"product_tag","embeddable":true,"href":"https:\/\/motesasl.com\/en\/wp-json\/wp\/v2\/product_tag?post=2686"}],"curies":[{"name":"wp","href":"https:\/\/api.w.org\/{rel}","templated":true}]}}