{"id":14298,"date":"2026-01-30T09:36:41","date_gmt":"2026-01-30T08:36:41","guid":{"rendered":"https:\/\/motesasl.com\/?post_type=product&#038;p=14298"},"modified":"2026-01-30T09:36:41","modified_gmt":"2026-01-30T08:36:41","slug":"2-63-61-a-camo-19-34","status":"publish","type":"product","link":"https:\/\/motesasl.com\/en\/product\/2-63-61-a-camo-19-34\/","title":{"rendered":"2-63-61 A CAMO 19-34"},"content":{"rendered":"","protected":false},"excerpt":{"rendered":"","protected":false},"featured_media":14231,"template":"","meta":[],"product_brand":[],"product_cat":[116,136],"product_tag":[],"class_list":{"0":"post-14298","1":"product","2":"type-product","3":"status-publish","4":"has-post-thumbnail","6":"product_cat-ninos","7":"product_cat-zapatilla-ninos","9":"first","10":"instock","11":"shipping-taxable","12":"product-type-simple"},"yoast_head":"<!-- This site is optimized with the Yoast SEO plugin v27.2 - https:\/\/yoast.com\/product\/yoast-seo-wordpress\/ -->\n<title>2-63-61 A CAMO 19-34 - Motesa<\/title>\n<meta name=\"robots\" content=\"index, follow, max-snippet:-1, max-image-preview:large, max-video-preview:-1\" \/>\n<link rel=\"canonical\" href=\"https:\/\/motesasl.com\/en\/product\/2-63-61-a-camo-19-34\/\" \/>\n<meta property=\"og:locale\" content=\"en_GB\" \/>\n<meta property=\"og:type\" content=\"article\" \/>\n<meta property=\"og:title\" content=\"2-63-61 A CAMO 19-34 - Motesa\" \/>\n<meta property=\"og:url\" content=\"https:\/\/motesasl.com\/en\/product\/2-63-61-a-camo-19-34\/\" \/>\n<meta property=\"og:site_name\" content=\"Motesa\" \/>\n<meta property=\"og:image\" content=\"https:\/\/motesasl.com\/wp-content\/uploads\/2026\/01\/2-63-61-A-CAMO-19-34.jpg\" \/>\n\t<meta property=\"og:image:width\" content=\"800\" \/>\n\t<meta property=\"og:image:height\" content=\"800\" \/>\n\t<meta property=\"og:image:type\" content=\"image\/jpeg\" \/>\n<meta name=\"twitter:card\" content=\"summary_large_image\" \/>\n<meta name=\"twitter:label1\" content=\"Estimated reading time\" \/>\n\t<meta name=\"twitter:data1\" content=\"1 minute\" \/>\n<script type=\"application\/ld+json\" class=\"yoast-schema-graph\">{\"@context\":\"https:\/\/schema.org\",\"@graph\":[{\"@type\":\"WebPage\",\"@id\":\"https:\/\/motesasl.com\/producto\/2-63-61-a-camo-19-34\/\",\"url\":\"https:\/\/motesasl.com\/producto\/2-63-61-a-camo-19-34\/\",\"name\":\"2-63-61 A CAMO 19-34 - Motesa\",\"isPartOf\":{\"@id\":\"https:\/\/motesasl.com\/#website\"},\"primaryImageOfPage\":{\"@id\":\"https:\/\/motesasl.com\/producto\/2-63-61-a-camo-19-34\/#primaryimage\"},\"image\":{\"@id\":\"https:\/\/motesasl.com\/producto\/2-63-61-a-camo-19-34\/#primaryimage\"},\"thumbnailUrl\":\"https:\/\/motesasl.com\/wp-content\/uploads\/2026\/01\/2-63-61-A-CAMO-19-34.jpg\",\"datePublished\":\"2026-01-30T08:36:41+00:00\",\"breadcrumb\":{\"@id\":\"https:\/\/motesasl.com\/producto\/2-63-61-a-camo-19-34\/#breadcrumb\"},\"inLanguage\":\"en-GB\",\"potentialAction\":[{\"@type\":\"ReadAction\",\"target\":[\"https:\/\/motesasl.com\/producto\/2-63-61-a-camo-19-34\/\"]}]},{\"@type\":\"ImageObject\",\"inLanguage\":\"en-GB\",\"@id\":\"https:\/\/motesasl.com\/producto\/2-63-61-a-camo-19-34\/#primaryimage\",\"url\":\"https:\/\/motesasl.com\/wp-content\/uploads\/2026\/01\/2-63-61-A-CAMO-19-34.jpg\",\"contentUrl\":\"https:\/\/motesasl.com\/wp-content\/uploads\/2026\/01\/2-63-61-A-CAMO-19-34.jpg\",\"width\":800,\"height\":800,\"caption\":\"SONY DSC\"},{\"@type\":\"BreadcrumbList\",\"@id\":\"https:\/\/motesasl.com\/producto\/2-63-61-a-camo-19-34\/#breadcrumb\",\"itemListElement\":[{\"@type\":\"ListItem\",\"position\":1,\"name\":\"Portada\",\"item\":\"https:\/\/motesasl.com\/\"},{\"@type\":\"ListItem\",\"position\":2,\"name\":\"Cat\u00e1logo\",\"item\":\"https:\/\/motesasl.com\/catalogo\/\"},{\"@type\":\"ListItem\",\"position\":3,\"name\":\"2-63-61 A CAMO 19-34\"}]},{\"@type\":\"WebSite\",\"@id\":\"https:\/\/motesasl.com\/#website\",\"url\":\"https:\/\/motesasl.com\/\",\"name\":\"Motesa\",\"description\":\"Empresa espa\u00f1ola con m\u00e1s de 30 a\u00f1os de experiencia dedicada a la comercializaci\u00f3n de calzado a nivel nacional.\",\"publisher\":{\"@id\":\"https:\/\/motesasl.com\/#organization\"},\"potentialAction\":[{\"@type\":\"SearchAction\",\"target\":{\"@type\":\"EntryPoint\",\"urlTemplate\":\"https:\/\/motesasl.com\/?s={search_term_string}\"},\"query-input\":{\"@type\":\"PropertyValueSpecification\",\"valueRequired\":true,\"valueName\":\"search_term_string\"}}],\"inLanguage\":\"en-GB\"},{\"@type\":\"Organization\",\"@id\":\"https:\/\/motesasl.com\/#organization\",\"name\":\"Motesa SL\",\"url\":\"https:\/\/motesasl.com\/\",\"logo\":{\"@type\":\"ImageObject\",\"inLanguage\":\"en-GB\",\"@id\":\"https:\/\/motesasl.com\/#\/schema\/logo\/image\/\",\"url\":\"https:\/\/motesasl.com\/wp-content\/uploads\/2024\/05\/MotesaBrandFavicon.png\",\"contentUrl\":\"https:\/\/motesasl.com\/wp-content\/uploads\/2024\/05\/MotesaBrandFavicon.png\",\"width\":512,\"height\":512,\"caption\":\"Motesa SL\"},\"image\":{\"@id\":\"https:\/\/motesasl.com\/#\/schema\/logo\/image\/\"}}]}<\/script>\n<!-- \/ Yoast SEO plugin. -->","yoast_head_json":{"title":"2-63-61 A CAMO 19-34 - Motesa","robots":{"index":"index","follow":"follow","max-snippet":"max-snippet:-1","max-image-preview":"max-image-preview:large","max-video-preview":"max-video-preview:-1"},"canonical":"https:\/\/motesasl.com\/en\/product\/2-63-61-a-camo-19-34\/","og_locale":"en_GB","og_type":"article","og_title":"2-63-61 A CAMO 19-34 - Motesa","og_url":"https:\/\/motesasl.com\/en\/product\/2-63-61-a-camo-19-34\/","og_site_name":"Motesa","og_image":[{"width":800,"height":800,"url":"https:\/\/motesasl.com\/wp-content\/uploads\/2026\/01\/2-63-61-A-CAMO-19-34.jpg","type":"image\/jpeg"}],"twitter_card":"summary_large_image","twitter_misc":{"Estimated reading time":"1 minute"},"schema":{"@context":"https:\/\/schema.org","@graph":[{"@type":"WebPage","@id":"https:\/\/motesasl.com\/producto\/2-63-61-a-camo-19-34\/","url":"https:\/\/motesasl.com\/producto\/2-63-61-a-camo-19-34\/","name":"2-63-61 A CAMO 19-34 - Motesa","isPartOf":{"@id":"https:\/\/motesasl.com\/#website"},"primaryImageOfPage":{"@id":"https:\/\/motesasl.com\/producto\/2-63-61-a-camo-19-34\/#primaryimage"},"image":{"@id":"https:\/\/motesasl.com\/producto\/2-63-61-a-camo-19-34\/#primaryimage"},"thumbnailUrl":"https:\/\/motesasl.com\/wp-content\/uploads\/2026\/01\/2-63-61-A-CAMO-19-34.jpg","datePublished":"2026-01-30T08:36:41+00:00","breadcrumb":{"@id":"https:\/\/motesasl.com\/producto\/2-63-61-a-camo-19-34\/#breadcrumb"},"inLanguage":"en-GB","potentialAction":[{"@type":"ReadAction","target":["https:\/\/motesasl.com\/producto\/2-63-61-a-camo-19-34\/"]}]},{"@type":"ImageObject","inLanguage":"en-GB","@id":"https:\/\/motesasl.com\/producto\/2-63-61-a-camo-19-34\/#primaryimage","url":"https:\/\/motesasl.com\/wp-content\/uploads\/2026\/01\/2-63-61-A-CAMO-19-34.jpg","contentUrl":"https:\/\/motesasl.com\/wp-content\/uploads\/2026\/01\/2-63-61-A-CAMO-19-34.jpg","width":800,"height":800,"caption":"SONY DSC"},{"@type":"BreadcrumbList","@id":"https:\/\/motesasl.com\/producto\/2-63-61-a-camo-19-34\/#breadcrumb","itemListElement":[{"@type":"ListItem","position":1,"name":"Portada","item":"https:\/\/motesasl.com\/"},{"@type":"ListItem","position":2,"name":"Cat\u00e1logo","item":"https:\/\/motesasl.com\/catalogo\/"},{"@type":"ListItem","position":3,"name":"2-63-61 A CAMO 19-34"}]},{"@type":"WebSite","@id":"https:\/\/motesasl.com\/#website","url":"https:\/\/motesasl.com\/","name":"Motesa","description":"Empresa espa\u00f1ola con m\u00e1s de 30 a\u00f1os de experiencia dedicada a la comercializaci\u00f3n de calzado a nivel nacional.","publisher":{"@id":"https:\/\/motesasl.com\/#organization"},"potentialAction":[{"@type":"SearchAction","target":{"@type":"EntryPoint","urlTemplate":"https:\/\/motesasl.com\/?s={search_term_string}"},"query-input":{"@type":"PropertyValueSpecification","valueRequired":true,"valueName":"search_term_string"}}],"inLanguage":"en-GB"},{"@type":"Organization","@id":"https:\/\/motesasl.com\/#organization","name":"Motesa SL","url":"https:\/\/motesasl.com\/","logo":{"@type":"ImageObject","inLanguage":"en-GB","@id":"https:\/\/motesasl.com\/#\/schema\/logo\/image\/","url":"https:\/\/motesasl.com\/wp-content\/uploads\/2024\/05\/MotesaBrandFavicon.png","contentUrl":"https:\/\/motesasl.com\/wp-content\/uploads\/2024\/05\/MotesaBrandFavicon.png","width":512,"height":512,"caption":"Motesa SL"},"image":{"@id":"https:\/\/motesasl.com\/#\/schema\/logo\/image\/"}}]}},"_links":{"self":[{"href":"https:\/\/motesasl.com\/en\/wp-json\/wp\/v2\/product\/14298","targetHints":{"allow":["GET"]}}],"collection":[{"href":"https:\/\/motesasl.com\/en\/wp-json\/wp\/v2\/product"}],"about":[{"href":"https:\/\/motesasl.com\/en\/wp-json\/wp\/v2\/types\/product"}],"wp:featuredmedia":[{"embeddable":true,"href":"https:\/\/motesasl.com\/en\/wp-json\/wp\/v2\/media\/14231"}],"wp:attachment":[{"href":"https:\/\/motesasl.com\/en\/wp-json\/wp\/v2\/media?parent=14298"}],"wp:term":[{"taxonomy":"product_brand","embeddable":true,"href":"https:\/\/motesasl.com\/en\/wp-json\/wp\/v2\/product_brand?post=14298"},{"taxonomy":"product_cat","embeddable":true,"href":"https:\/\/motesasl.com\/en\/wp-json\/wp\/v2\/product_cat?post=14298"},{"taxonomy":"product_tag","embeddable":true,"href":"https:\/\/motesasl.com\/en\/wp-json\/wp\/v2\/product_tag?post=14298"}],"curies":[{"name":"wp","href":"https:\/\/api.w.org\/{rel}","templated":true}]}}